{"id":735,"date":"2016-06-30T11:08:00","date_gmt":"2016-06-30T09:08:00","guid":{"rendered":"http:\/\/www.jfkab.com\/?page_id=735"},"modified":"2025-12-09T09:48:58","modified_gmt":"2025-12-09T08:48:58","slug":"projekt","status":"publish","type":"page","link":"https:\/\/www.jfkab.com\/?page_id=735","title":{"rendered":"P\u00e5g\u00e5ende projekt"},"content":{"rendered":"<div class=\"wpb-content-wrapper\"><p>[vc_row][vc_column width=&#8221;1\/2&#8243;][vc_empty_space height=&#8221;168&#8243;][vc_custom_heading text=&#8221;P\u00c5G\u00c5ENDE PROJEKT&#8221; font_container=&#8221;tag:h2|font_size:26|text_align:left|color:%23147225|line_height:1&#8243; google_fonts=&#8221;font_family:Open%20Sans%3A300%2C300italic%2Cregular%2Citalic%2C600%2C600italic%2C700%2C700italic%2C800%2C800italic|font_style:600%20bold%20regular%3A600%3Anormal&#8221;][\/vc_column][\/vc_row][vc_row][vc_column width=&#8221;1\/3&#8243;][vc_custom_heading text=&#8221;\u00d6ster\u00e5s Badhus, H\u00e4ssleholm&#8221; font_container=&#8221;tag:h2|font_size:20|text_align:left|line_height:1&#8243; google_fonts=&#8221;font_family:Open%20Sans%3A300%2C300italic%2Cregular%2Citalic%2C600%2C600italic%2C700%2C700italic%2C800%2C800italic|font_style:400%20regular%3A400%3Anormal&#8221; css=&#8221;&#8221;][vc_column_text css=&#8221;.vc_custom_1745408494032{margin-right: 40px !important;}&#8221;]<img loading=\"lazy\" decoding=\"async\" class=\"wp-image-1878 size-full alignnone\" src=\"https:\/\/www.jfkab.com\/wp-content\/uploads\/2025\/03\/Hlm_Osteras_ute1small.png\" alt=\"\" width=\"300\" height=\"167\" srcset=\"https:\/\/www.jfkab.com\/wp-content\/uploads\/2025\/03\/Hlm_Osteras_ute1small.png 300w, https:\/\/www.jfkab.com\/wp-content\/uploads\/2025\/03\/Hlm_Osteras_ute1small-768x427.png 768w\" sizes=\"auto, (max-width: 300px) 100vw, 300px\" \/><\/p>\n<p><span style=\"color: #000000;\"><strong>LUFTBEHANDLINGSENTREPRENAD<\/strong><\/span><br \/>\nNybygge<\/p>\n<p>Best\u00e4llare: H\u00e4ssleholms Kommun \/ PEAB<br \/>\nProjekttid:\u00a0 2023-2025<\/p>\n<p>Kontakt:\u00a0 \u00a0 \u00a0<span style=\"color: #008000;\"><a style=\"color: #008000;\" href=\"mailto:mp@jfkab.com\">M\u00e5rten Persson<\/a><\/span><\/p>\n<p>L\u00e4nkar:<br \/>\n<a style=\"color: #008000;\" href=\"https:\/\/www.hassleholm.se\/bygga-bo-och-miljo\/stadsutveckling-oversiktsplan-och-detaljplaner\/byggprojekt\/osterasbadet\">H\u00e4ssleholms Kommun<\/a><span style=\"color: #008000;\"><br \/>\n<\/span><span style=\"color: #008000;\"><a style=\"color: #008000;\" href=\"https:\/\/www.kristianstadsbladet.se\/2025-03-17\/har-byggs-hassleholms-nya-badhus-titta-in-i-bygget\/\">Kristianstadsbladet<\/a><br \/>\n<\/span><\/p>\n<p>&nbsp;[\/vc_column_text][\/vc_column][vc_column width=&#8221;1\/3&#8243;][vc_custom_heading text=&#8221;Levins &#038; Automationsteknik, Hlm&#8221; font_container=&#8221;tag:h2|font_size:20|text_align:left|line_height:1&#8243; google_fonts=&#8221;font_family:Open%20Sans%3A300%2C300italic%2Cregular%2Citalic%2C600%2C600italic%2C700%2C700italic%2C800%2C800italic|font_style:400%20regular%3A400%3Anormal&#8221; css=&#8221;&#8221;][vc_column_text css=&#8221;.vc_custom_1746025401145{margin-right: 40px !important;}&#8221;]<span style=\"color: #000000;\"><strong><img loading=\"lazy\" decoding=\"async\" class=\"size-full wp-image-1906 alignnone\" src=\"https:\/\/www.jfkab.com\/wp-content\/uploads\/2025\/04\/autoport2_1b-liten.jpg\" alt=\"\" width=\"300\" height=\"168\" srcset=\"https:\/\/www.jfkab.com\/wp-content\/uploads\/2025\/04\/autoport2_1b-liten.jpg 300w, https:\/\/www.jfkab.com\/wp-content\/uploads\/2025\/04\/autoport2_1b-liten-768x430.jpg 768w\" sizes=\"auto, (max-width: 300px) 100vw, 300px\" \/><\/strong><\/span><\/p>\n<p><span style=\"color: #000000;\"><strong>LUFTBEHANDLING \/ STYR &amp; REGLER ENTREPRENAD<\/strong><\/span><\/p>\n<p>Projektering samt ombyggnation<\/p>\n<p>Best\u00e4llare: Levins &amp; Automationsteknik, H\u00e4ssleholm<br \/>\nProjekttid: 2025-01 &#8211; sommaren<\/p>\n<p>Kontakt: <a href=\"mailto:ludwig@jfkab.com\"><span style=\"color: #008000;\">Ludwig Fredriksson<\/span><\/a><\/p>\n<p>&nbsp;[\/vc_column_text][\/vc_column][vc_column width=&#8221;1\/3&#8243;][vc_custom_heading text=&#8221;Stenbocken 3, Kristianstad&#8221; font_container=&#8221;tag:h2|font_size:20|text_align:left|line_height:1&#8243; google_fonts=&#8221;font_family:Open%20Sans%3A300%2C300italic%2Cregular%2Citalic%2C600%2C600italic%2C700%2C700italic%2C800%2C800italic|font_style:400%20regular%3A400%3Anormal&#8221; css=&#8221;&#8221;][vc_column_text css=&#8221;.vc_custom_1746025438623{margin-right: 40px !important;}&#8221;]<span style=\"color: #000000;\"><strong><img loading=\"lazy\" decoding=\"async\" class=\"size-full wp-image-1896 alignnone\" src=\"https:\/\/www.jfkab.com\/wp-content\/uploads\/2025\/04\/Stenbock3.jpg\" alt=\"\" width=\"300\" height=\"169\" srcset=\"https:\/\/www.jfkab.com\/wp-content\/uploads\/2025\/04\/Stenbock3.jpg 300w, https:\/\/www.jfkab.com\/wp-content\/uploads\/2025\/04\/Stenbock3-768x432.jpg 768w\" sizes=\"auto, (max-width: 300px) 100vw, 300px\" \/><br \/>\n<\/strong><\/span><\/p>\n<p><span style=\"color: #000000;\"><strong>LUFTBEHANDLINGS \/ STYR &amp; REGLER ENTREPRENAD<\/strong><\/span><\/p>\n<p>Projektering samt ombyggnation<\/p>\n<p style=\"font-weight: 400;\">Best\u00e4llare: Grant Thornton, Kristianstad<br \/>\nByggtid: 2025-02 till 2025-10<\/p>\n<p>Kontakt: <a href=\"mailto:ludwig@jfkab.com\"><span style=\"color: #008000;\">Ludwig Fredriksson<\/span><\/a><\/p>\n<p>&nbsp;<\/p>\n<p>&nbsp;[\/vc_column_text][\/vc_column][\/vc_row][vc_row][vc_column width=&#8221;1\/3&#8243;][\/vc_column][vc_column width=&#8221;1\/3&#8243;][\/vc_column][vc_column width=&#8221;1\/3&#8243;][\/vc_column][\/vc_row][vc_row][vc_column][vc_empty_space height=&#8221;40px&#8221;][\/vc_column][\/vc_row]<\/p>\n<\/div>","protected":false},"excerpt":{"rendered":"<p>[vc_row][vc_column width=&#8221;1\/2&#8243;][vc_empty_space height=&#8221;168&#8243;][vc_custom_heading text=&#8221;P\u00c5G\u00c5ENDE PROJEKT&#8221; font_container=&#8221;tag:h2|font_size:26|text_align:left|color:%23147225|line_height:1&#8243; google_fonts=&#8221;font_family:Open%20Sans%3A300%2C300italic%2Cregular%2Citalic%2C600%2C600italic%2C700%2C700italic%2C800%2C800italic|font_style:600%20bold%20regular%3A600%3Anormal&#8221;][\/vc_column][\/vc_row][vc_row][vc_column width=&#8221;1\/3&#8243;][vc_custom_heading text=&#8221;\u00d6ster\u00e5s Badhus, H\u00e4ssleholm&#8221; font_container=&#8221;tag:h2|font_size:20|text_align:left|line_height:1&#8243; google_fonts=&#8221;font_family:Open%20Sans%3A300%2C300italic%2Cregular%2Citalic%2C600%2C600italic%2C700%2C700italic%2C800%2C800italic|font_style:400%20regular%3A400%3Anormal&#8221; css=&#8221;&#8221;][vc_column_text css=&#8221;.vc_custom_1745408494032{margin-right: 40px !important;}&#8221;] LUFTBEHANDLINGSENTREPRENAD Nybygge Best\u00e4llare: H\u00e4ssleholms Kommun \/ PEAB Projekttid:\u00a0 2023-2025 Kontakt:\u00a0 \u00a0 \u00a0M\u00e5rten Persson L\u00e4nkar: H\u00e4ssleholms Kommun Kristianstadsbladet &nbsp;[\/vc_column_text][\/vc_column][vc_column width=&#8221;1\/3&#8243;][vc_custom_heading text=&#8221;Levins &#038; Automationsteknik, Hlm&#8221; font_container=&#8221;tag:h2|font_size:20|text_align:left|line_height:1&#8243; google_fonts=&#8221;font_family:Open%20Sans%3A300%2C300italic%2Cregular%2Citalic%2C600%2C600italic%2C700%2C700italic%2C800%2C800italic|font_style:400%20regular%3A400%3Anormal&#8221; css=&#8221;&#8221;][vc_column_text css=&#8221;.vc_custom_1746025401145{margin-right: 40px !important;}&#8221;] LUFTBEHANDLING \/ STYR &amp; REGLER ENTREPRENAD Projektering samt ombyggnation [&hellip;]<\/p>\n","protected":false},"author":1,"featured_media":0,"parent":0,"menu_order":0,"comment_status":"closed","ping_status":"closed","template":"template-home.php","meta":{"footnotes":""},"class_list":["post-735","page","type-page","status-publish","hentry"],"_links":{"self":[{"href":"https:\/\/www.jfkab.com\/index.php?rest_route=\/wp\/v2\/pages\/735","targetHints":{"allow":["GET"]}}],"collection":[{"href":"https:\/\/www.jfkab.com\/index.php?rest_route=\/wp\/v2\/pages"}],"about":[{"href":"https:\/\/www.jfkab.com\/index.php?rest_route=\/wp\/v2\/types\/page"}],"author":[{"embeddable":true,"href":"https:\/\/www.jfkab.com\/index.php?rest_route=\/wp\/v2\/users\/1"}],"replies":[{"embeddable":true,"href":"https:\/\/www.jfkab.com\/index.php?rest_route=%2Fwp%2Fv2%2Fcomments&post=735"}],"version-history":[{"count":129,"href":"https:\/\/www.jfkab.com\/index.php?rest_route=\/wp\/v2\/pages\/735\/revisions"}],"predecessor-version":[{"id":1951,"href":"https:\/\/www.jfkab.com\/index.php?rest_route=\/wp\/v2\/pages\/735\/revisions\/1951"}],"wp:attachment":[{"href":"https:\/\/www.jfkab.com\/index.php?rest_route=%2Fwp%2Fv2%2Fmedia&parent=735"}],"curies":[{"name":"wp","href":"https:\/\/api.w.org\/{rel}","templated":true}]}}